{"id":269,"date":"2023-05-23T16:24:35","date_gmt":"2023-05-23T14:24:35","guid":{"rendered":"https:\/\/theateroffreaks.de\/?page_id=269"},"modified":"2023-05-24T16:23:24","modified_gmt":"2023-05-24T14:23:24","slug":"live-stream-regeln","status":"publish","type":"page","link":"https:\/\/theateroffreaks.de\/?page_id=269","title":{"rendered":"Live Stream Regeln"},"content":{"rendered":"\n\n\t<p><i>Um ein gutes Miteinander zu gew\u00e4hrleisten, m\u00fcssen wir einige Regeln festlegen, was die Streams von Theater of Freaks angeht, einmal zur Absicherung unsererseits und auch f\u00fcr euch.<\/i><\/p>\n<p><a name=\"_GoBack\"><\/a><\/p>\n<p><b>Stream regeln (Teilnehmer):<\/b><\/p>\n<p>Um eine Teilnahme an unseren Livestream zu gestatten, m\u00fcssen vorab einige Regeln best\u00e4tigt werden, dies ist dazu gedacht, um den Verlauf des Streams so angenehm wie m\u00f6glich zu gestalten, ohne St\u00f6rungen oder \u00c4hnliches.<\/p>\n<p>1. Funktionierendes Headset &#8211; bedeutet, das Headset sollte so eingestellt werden, dass man keine st\u00f6renden Ger\u00e4usche im Hintergrund h\u00f6ren kann. Dies gilt f\u00fcr Handysounds, Gamesound usw.<\/p>\n<p>2. Spiele &amp; Einstellungen &#8211; funktioniert dein Spiel? Hast du vorweg alles richtig eingestellt, ohne dass wir eine Stunde auf dich warten m\u00fcssen, ehe alles funktioniert?<\/p>\n<p>3. P\u00fcnktlichkeit &#8211; wenn wir uns verabreden zu einem Game, welches gestreamt wird, dann m\u00f6chten wir, dass alle, die daran teilnehmen p\u00fcnktlich erscheinen. Solltest du sp\u00e4ter dazu kommen, geh bitte in einen Voice Kanal und schreibe eine kurze Nachricht an den Streamer oder einen MOD, damit dieser dich ins Studio ziehen kann. Eine kurze Begr\u00fc\u00dfung reicht, damit es keine Unruhe gibt.<\/p>\n<p>Die Anmeldung f\u00fcr einen Stream erfolgt \u00fcber das jeweilige Event im Discord.<\/p>\n<p>4. G\u00e4ste in unserem Live, d\u00fcrfen nur nach Abspr\u00e4che mit dem ToF-Team eigene Streams durchf\u00fchren. <\/p>\n<p>Ebenso sind, aufnahmen w\u00e4hrend der Lives untersagt &#8211; au\u00dfer es ist abgesprochen.<\/p>\n<p>5. Bitte mach keine Werbung f\u00fcr deinen eigenen Content\/Stream, au\u00dfer wir haben vorher dar\u00fcber gesprochen und es erlaubt. Partner bzw. Unterst\u00fctzer sind hiervon ausgeschlossen. Diese findest du auf unserer Website<\/p>\n<p>6. Speziell f\u00fcr Rust &#8211; Trollen mit Kassetten Rekordern, Boom boxen oder Megaphonen sind zu unterlassen. Das ist im Stream extrem st\u00f6rend und hat Konsequenzen.<\/p>\n<p>7. In den Lives sind absolut Hassreden, Sexuelle inhalte sowie auch schlecht reden anderer Communitys untersagt !!!!!<\/p>\n<p><b>Streamer regeln:<\/b><\/p>\n<p>1. F\u00fcr die Streams bitte ins Streaming Studio gehen, da wir in der Vergangenheit \u00f6fter Unruhen hatten.<\/p>\n<p>2. Ins Streaming Studio bitte nur Spieler einladen, die auch im Stream teilnehmen und das Game mitspielen, da dies sonst zu Verwirrungen kommt.<\/p>\n<p>3. St\u00f6rger\u00e4usche bitte vermeiden. ((R\u00fclpsen, Pupsen, idk :D))<\/p>\n<p>4. Das Fluchen ist erlaubt, Extreme Beleidigungen, Mobbing sind untersagt sowohl f\u00fcr das Spiel wie auch gegen andere Spieler.<\/p>\n\n","protected":false},"excerpt":{"rendered":"<p>Um ein gutes Miteinander zu gew\u00e4hrleisten, m\u00fcssen wir einige Regeln festlegen, was die Streams von Theater of Freaks angeht, einmal zur Absicherung unsererseits und auch f\u00fcr euch. Stream regeln (Teilnehmer): Um eine Teilnahme an unseren Livestream zu gestatten, m\u00fcssen vorab einige Regeln best\u00e4tigt werden, dies ist dazu gedacht, um den Verlauf des Streams so angenehm [&hellip;]<\/p>\n","protected":false},"author":2,"featured_media":0,"parent":5,"menu_order":0,"comment_status":"closed","ping_status":"closed","template":"","meta":{"_bbp_topic_count":0,"_bbp_reply_count":0,"_bbp_total_topic_count":0,"_bbp_total_reply_count":0,"_bbp_voice_count":0,"_bbp_anonymous_reply_count":0,"_bbp_topic_count_hidden":0,"_bbp_reply_count_hidden":0,"_bbp_forum_subforum_count":0,"footnotes":""},"class_list":["post-269","page","type-page","status-publish","hentry"],"_links":{"self":[{"href":"https:\/\/theateroffreaks.de\/index.php?rest_route=\/wp\/v2\/pages\/269","targetHints":{"allow":["GET"]}}],"collection":[{"href":"https:\/\/theateroffreaks.de\/index.php?rest_route=\/wp\/v2\/pages"}],"about":[{"href":"https:\/\/theateroffreaks.de\/index.php?rest_route=\/wp\/v2\/types\/page"}],"author":[{"embeddable":true,"href":"https:\/\/theateroffreaks.de\/index.php?rest_route=\/wp\/v2\/users\/2"}],"replies":[{"embeddable":true,"href":"https:\/\/theateroffreaks.de\/index.php?rest_route=%2Fwp%2Fv2%2Fcomments&post=269"}],"version-history":[{"count":2,"href":"https:\/\/theateroffreaks.de\/index.php?rest_route=\/wp\/v2\/pages\/269\/revisions"}],"predecessor-version":[{"id":360,"href":"https:\/\/theateroffreaks.de\/index.php?rest_route=\/wp\/v2\/pages\/269\/revisions\/360"}],"up":[{"embeddable":true,"href":"https:\/\/theateroffreaks.de\/index.php?rest_route=\/wp\/v2\/pages\/5"}],"wp:attachment":[{"href":"https:\/\/theateroffreaks.de\/index.php?rest_route=%2Fwp%2Fv2%2Fmedia&parent=269"}],"curies":[{"name":"wp","href":"https:\/\/api.w.org\/{rel}","templated":true}]}}