{"id":244,"date":"2023-05-22T18:43:33","date_gmt":"2023-05-22T16:43:33","guid":{"rendered":"https:\/\/theateroffreaks.de\/?page_id=244"},"modified":"2023-05-22T20:55:00","modified_gmt":"2023-05-22T18:55:00","slug":"test","status":"publish","type":"page","link":"https:\/\/theateroffreaks.de\/?page_id=244","title":{"rendered":"Rust Island 4.0"},"content":{"rendered":"\n<h2>\n\t\tGeschichte\n\t<\/h2>\n\t<p><strong>Die \u00dcberlebenden eines unerkl\u00e4rten Unfalls wurden an eine Insel geschw\u00e4mmt und machten sich zusammen auf die suche nach einer Unterkunft.<\/strong><\/p>\n<p><strong>Nach endlosen kilometern marsch haben sie ein verlassenes Dorf gefunden wobei nur die Dorfmauer noch teilweise intakt war.\u00a0Sie fanden sich schnell zurecht und haben schnell was aufgebaut.<\/strong><\/p>\n<p><strong>Doch sie sind nicht alleine, es fliegen Helis herum und es sind auch diverse Zombiehorden unterwegs.<\/strong><\/p>\n<p><strong>Seid dabei und erlebt das nackte \u00fcberleben<\/strong><\/p>\n<h2>\n\t\tRegelwerk\n\t<\/h2>\n\t<ul>\n<li>Innerhalb der Spehere sind Diebstahl und Raid nicht erlaubt.<\/li>\n<li>Folgenden Flags sind in der Sphere aktiv:<\/li>\n<\/ul>\n<p>-Nofall Damage<\/p>\n<p>-No NPC Spawn<\/p>\n<p>-PVP God True<\/p>\n<ul>\n<li>Ausserhalb der Sphere ist PvP und Raids erlaubt.<\/li>\n<\/ul>\n<p>&nbsp;<\/p>\n\t\n\n","protected":false},"excerpt":{"rendered":"<p>Geschichte Die \u00dcberlebenden eines unerkl\u00e4rten Unfalls wurden an eine Insel geschw\u00e4mmt und machten sich zusammen auf die suche nach einer Unterkunft. Nach endlosen kilometern marsch haben sie ein verlassenes Dorf gefunden wobei nur die Dorfmauer noch teilweise intakt war.\u00a0Sie fanden sich schnell zurecht und haben schnell was aufgebaut. Doch sie sind nicht alleine, es fliegen [&hellip;]<\/p>\n","protected":false},"author":2,"featured_media":0,"parent":164,"menu_order":0,"comment_status":"closed","ping_status":"closed","template":"","meta":{"_bbp_topic_count":0,"_bbp_reply_count":0,"_bbp_total_topic_count":0,"_bbp_total_reply_count":0,"_bbp_voice_count":0,"_bbp_anonymous_reply_count":0,"_bbp_topic_count_hidden":0,"_bbp_reply_count_hidden":0,"_bbp_forum_subforum_count":0,"footnotes":""},"class_list":["post-244","page","type-page","status-publish","hentry"],"_links":{"self":[{"href":"https:\/\/theateroffreaks.de\/index.php?rest_route=\/wp\/v2\/pages\/244","targetHints":{"allow":["GET"]}}],"collection":[{"href":"https:\/\/theateroffreaks.de\/index.php?rest_route=\/wp\/v2\/pages"}],"about":[{"href":"https:\/\/theateroffreaks.de\/index.php?rest_route=\/wp\/v2\/types\/page"}],"author":[{"embeddable":true,"href":"https:\/\/theateroffreaks.de\/index.php?rest_route=\/wp\/v2\/users\/2"}],"replies":[{"embeddable":true,"href":"https:\/\/theateroffreaks.de\/index.php?rest_route=%2Fwp%2Fv2%2Fcomments&post=244"}],"version-history":[{"count":5,"href":"https:\/\/theateroffreaks.de\/index.php?rest_route=\/wp\/v2\/pages\/244\/revisions"}],"predecessor-version":[{"id":256,"href":"https:\/\/theateroffreaks.de\/index.php?rest_route=\/wp\/v2\/pages\/244\/revisions\/256"}],"up":[{"embeddable":true,"href":"https:\/\/theateroffreaks.de\/index.php?rest_route=\/wp\/v2\/pages\/164"}],"wp:attachment":[{"href":"https:\/\/theateroffreaks.de\/index.php?rest_route=%2Fwp%2Fv2%2Fmedia&parent=244"}],"curies":[{"name":"wp","href":"https:\/\/api.w.org\/{rel}","templated":true}]}}