{"id":157,"date":"2023-05-21T18:44:10","date_gmt":"2023-05-21T16:44:10","guid":{"rendered":"https:\/\/theateroffreaks.de\/?page_id=157"},"modified":"2023-05-23T12:16:21","modified_gmt":"2023-05-23T10:16:21","slug":"7d2d","status":"publish","type":"page","link":"https:\/\/theateroffreaks.de\/?page_id=157","title":{"rendered":"7D2D"},"content":{"rendered":"\n\n\t\t\t\t<img loading=\"lazy\" decoding=\"async\" src=\"https:\/\/theateroffreaks.de\/wp-content\/uploads\/2023\/05\/7d2dbanner.png\"  alt=\"7d2dbanner 7D2D\"  itemprop=\"image\" height=\"3456\" width=\"6912\"  title=\"\"  onerror=\"this.style.display='none'\"  \/>\n\t\t\t\t<img loading=\"lazy\" decoding=\"async\" src=\"https:\/\/theateroffreaks.de\/wp-content\/uploads\/2023\/05\/20230522180806_1.jpg\"  alt=\"20230522180806_1 7D2D\"  itemprop=\"image\" height=\"1080\" width=\"1920\"  title=\"\"  onerror=\"this.style.display='none'\"  \/>\n<h2>\n\t\tWas passiert bei uns in 7 Days to Die?\n\t<\/h2>\n\t<p>Hier geht es Rund!<\/p>\n<p>Alle 7 Tage kommt eine Welle von Zombies die jedes mal st\u00e4rker werden.<\/p>\n<p>Ziel ist es eine Basis zu bauen und zu \u00fcberleben.<\/p>\n<p>Egal wo und egal wie, es ist alles erlaubt.<\/p>\n<p>Wie lange werdet ihr \u00fcberleben?<\/p>\n<p>Werdet ihr gegen die anderen Gruppen ankommen? Oder eine Allianz bilden?<\/p>\n<p>Findet es heraus! =)<\/p>\n<p>Die Server Adresse findet ihr in unserem Discord.<\/p>\n\n","protected":false},"excerpt":{"rendered":"<p>Was passiert bei uns in 7 Days to Die? Hier geht es Rund! Alle 7 Tage kommt eine Welle von Zombies die jedes mal st\u00e4rker werden. Ziel ist es eine Basis zu bauen und zu \u00fcberleben. Egal wo und egal wie, es ist alles erlaubt. Wie lange werdet ihr \u00fcberleben? Werdet ihr gegen die anderen [&hellip;]<\/p>\n","protected":false},"author":2,"featured_media":0,"parent":142,"menu_order":0,"comment_status":"closed","ping_status":"closed","template":"","meta":{"_bbp_topic_count":0,"_bbp_reply_count":0,"_bbp_total_topic_count":0,"_bbp_total_reply_count":0,"_bbp_voice_count":0,"_bbp_anonymous_reply_count":0,"_bbp_topic_count_hidden":0,"_bbp_reply_count_hidden":0,"_bbp_forum_subforum_count":0,"footnotes":""},"class_list":["post-157","page","type-page","status-publish","hentry"],"_links":{"self":[{"href":"https:\/\/theateroffreaks.de\/index.php?rest_route=\/wp\/v2\/pages\/157","targetHints":{"allow":["GET"]}}],"collection":[{"href":"https:\/\/theateroffreaks.de\/index.php?rest_route=\/wp\/v2\/pages"}],"about":[{"href":"https:\/\/theateroffreaks.de\/index.php?rest_route=\/wp\/v2\/types\/page"}],"author":[{"embeddable":true,"href":"https:\/\/theateroffreaks.de\/index.php?rest_route=\/wp\/v2\/users\/2"}],"replies":[{"embeddable":true,"href":"https:\/\/theateroffreaks.de\/index.php?rest_route=%2Fwp%2Fv2%2Fcomments&post=157"}],"version-history":[{"count":11,"href":"https:\/\/theateroffreaks.de\/index.php?rest_route=\/wp\/v2\/pages\/157\/revisions"}],"predecessor-version":[{"id":263,"href":"https:\/\/theateroffreaks.de\/index.php?rest_route=\/wp\/v2\/pages\/157\/revisions\/263"}],"up":[{"embeddable":true,"href":"https:\/\/theateroffreaks.de\/index.php?rest_route=\/wp\/v2\/pages\/142"}],"wp:attachment":[{"href":"https:\/\/theateroffreaks.de\/index.php?rest_route=%2Fwp%2Fv2%2Fmedia&parent=157"}],"curies":[{"name":"wp","href":"https:\/\/api.w.org\/{rel}","templated":true}]}}